{"id":13,"date":"2018-02-27T20:50:27","date_gmt":"2018-02-27T20:50:27","guid":{"rendered":"http:\/\/botanica.madame-lulu.com\/?page_id=13"},"modified":"2026-03-25T18:17:04","modified_gmt":"2026-03-25T17:17:04","slug":"catering-events","status":"publish","type":"page","link":"https:\/\/botanica.madame-lulu.com\/?page_id=13","title":{"rendered":"Catering &#038; Vermietung"},"content":{"rendered":"\n<p>Wenn du ein Catering von uns w\u00fcnschst, oder das Botanica oder Salomon f\u00fcr eine Veranstaltung mieten m\u00f6chtest,&nbsp; f\u00fclle bitte das Formular aus. Wir werden uns dann per e-Mail bei dir melden um alles weitere zu besprechen.<\/p>\n\n\n\n<hr class=\"wp-block-separator has-alpha-channel-opacity\"\/>\n\n\n\n<div class=\"wp-block-contact-form-7-contact-form-selector\">\n<div class=\"wpcf7 no-js\" id=\"wpcf7-f1092-o1\" lang=\"de-DE\" dir=\"ltr\">\n<div class=\"screen-reader-response\"><p role=\"status\" aria-live=\"polite\" aria-atomic=\"true\"><\/p> <ul><\/ul><\/div>\n<form action=\"\/index.php?rest_route=%2Fwp%2Fv2%2Fpages%2F13#wpcf7-f1092-o1\" method=\"post\" class=\"wpcf7-form init\" aria-label=\"Kontaktformular\" novalidate=\"novalidate\" data-status=\"init\">\n<div style=\"display: none;\">\n<input type=\"hidden\" name=\"_wpcf7\" value=\"1092\" \/>\n<input type=\"hidden\" name=\"_wpcf7_version\" value=\"5.7.7\" \/>\n<input type=\"hidden\" name=\"_wpcf7_locale\" value=\"de_DE\" \/>\n<input type=\"hidden\" name=\"_wpcf7_unit_tag\" value=\"wpcf7-f1092-o1\" \/>\n<input type=\"hidden\" name=\"_wpcf7_container_post\" value=\"0\" \/>\n<input type=\"hidden\" name=\"_wpcf7_posted_data_hash\" value=\"\" \/>\n<\/div>\n<p><label> Dein Name (Pflichtfeld)<br \/>\n<span class=\"wpcf7-form-control-wrap\" data-name=\"your-name\"><input size=\"40\" class=\"wpcf7-form-control wpcf7-text wpcf7-validates-as-required\" aria-required=\"true\" aria-invalid=\"false\" value=\"\" type=\"text\" name=\"your-name\" \/><\/span> <\/label>\n<\/p>\n<p><label> E-Mail-Adresse (Pflichtfeld)<br \/>\n<span class=\"wpcf7-form-control-wrap\" data-name=\"your-email\"><input size=\"40\" class=\"wpcf7-form-control wpcf7-text wpcf7-email wpcf7-validates-as-required wpcf7-validates-as-email\" aria-required=\"true\" aria-invalid=\"false\" value=\"\" type=\"email\" name=\"your-email\" \/><\/span> <\/label>\n<\/p>\n<p><label> Telefonnummer<br \/>\n<span class=\"wpcf7-form-control-wrap\" data-name=\"tel-nummer\"><input size=\"40\" class=\"wpcf7-form-control wpcf7-text\" aria-invalid=\"false\" value=\"\" type=\"text\" name=\"tel-nummer\" \/><\/span> <\/label>\n<\/p>\n<p><label> Ort der Veranstaltung<br \/>\n<span class=\"wpcf7-form-control-wrap\" data-name=\"Ort\"><input size=\"40\" class=\"wpcf7-form-control wpcf7-text\" aria-invalid=\"false\" value=\"\" type=\"text\" name=\"Ort\" \/><\/span> <\/label>\n<\/p>\n<p><label> Art der Veranstaltung<br \/>\n<span class=\"wpcf7-form-control-wrap\" data-name=\"Art\"><input size=\"40\" class=\"wpcf7-form-control wpcf7-text\" aria-invalid=\"false\" value=\"\" type=\"text\" name=\"Art\" \/><\/span> <\/label>\n<\/p>\n<p><label> Personenanzahl<br \/>\n<span class=\"wpcf7-form-control-wrap\" data-name=\"Personenanzahl\"><input class=\"wpcf7-form-control wpcf7-number wpcf7-validates-as-number\" aria-invalid=\"false\" value=\"\" type=\"number\" name=\"Personenanzahl\" \/><\/span> <\/label>\n<\/p>\n<p><label> Datum<br \/>\n<span class=\"wpcf7-form-control-wrap\" data-name=\"Datum\"><input class=\"wpcf7-form-control wpcf7-date wpcf7-validates-as-date\" aria-invalid=\"false\" value=\"\" type=\"date\" name=\"Datum\" \/><\/span> <\/label>\n<\/p>\n<p><label> Nachricht<br \/>\n<span class=\"wpcf7-form-control-wrap\" data-name=\"your-message\"><textarea cols=\"40\" rows=\"10\" class=\"wpcf7-form-control wpcf7-textarea\" aria-invalid=\"false\" name=\"your-message\"><\/textarea><\/span> <\/label>\n<\/p>\n<p><span class=\"wpcf7-form-control-wrap\" data-name=\"checkbox-54\"><span class=\"wpcf7-form-control wpcf7-checkbox wpcf7-validates-as-required\"><span class=\"wpcf7-list-item first last\"><input type=\"checkbox\" name=\"checkbox-54[]\" value=\"Ich stimme der Datenschutzerkl\u00e4rung zu\" \/><span class=\"wpcf7-list-item-label\">Ich stimme der Datenschutzerkl\u00e4rung zu<\/span><\/span><\/span><\/span>\n<\/p>\n<p><span class=\"wpcf7-form-control-wrap\" data-name=\"quiz-382\"><label><span class=\"wpcf7-quiz-label\">Die Hauptstadt von Deutschland?<\/span> <input size=\"40\" class=\"wpcf7-form-control wpcf7-quiz\" autocomplete=\"off\" aria-required=\"true\" aria-invalid=\"false\" type=\"text\" name=\"quiz-382\" \/><\/label><input type=\"hidden\" name=\"_wpcf7_quiz_answer_quiz-382\" value=\"719652e9853b86f6620f51bce84cfe7e\" \/><\/span>\n<\/p>\n<p><input class=\"wpcf7-form-control has-spinner wpcf7-submit\" type=\"submit\" value=\"Senden\" \/>\n<\/p><div class=\"wpcf7-response-output\" aria-hidden=\"true\"><\/div>\n<\/form>\n<\/div>\n<\/div>\n\n\n\n<hr class=\"wp-block-separator has-alpha-channel-opacity\"\/>\n\n\n\n<p>Wir stellen euch gerne ein regionales, saisonales Buffet zu Verf\u00fcgung, servieren gute Drinks und lauschen sch\u00f6ner Musik.<\/p>\n\n\n\n<figure class=\"wp-block-image\"><a href=\"http:\/\/botanica.madame-lulu.com\/wp-content\/uploads\/2019\/02\/print-lulu-botanica-opening-445.jpg\"><img decoding=\"async\" loading=\"lazy\" width=\"480\" height=\"280\" src=\"http:\/\/botanica.madame-lulu.com\/wp-content\/uploads\/2019\/02\/print-lulu-botanica-opening-445-480x280.jpg\" alt=\"\" class=\"wp-image-396\"\/><\/a><\/figure>\n\n\n\n<p>Bei gutem Wetter auch in unserem Garten im Hinterhof.<\/p>\n\n\n\n<figure class=\"wp-block-image\"><a href=\"http:\/\/botanica.madame-lulu.com\/wp-content\/uploads\/2018\/07\/IMG_9904.jpg\"><img decoding=\"async\" loading=\"lazy\" width=\"480\" height=\"280\" src=\"http:\/\/botanica.madame-lulu.com\/wp-content\/uploads\/2018\/07\/IMG_9904-480x280.jpg\" alt=\"\" class=\"wp-image-271\"\/><\/a><\/figure>\n","protected":false},"excerpt":{"rendered":"<p>Wenn du ein Catering von uns w\u00fcnschst, oder das Botanica oder Salomon f\u00fcr eine Veranstaltung mieten m\u00f6chtest,&nbsp; f\u00fclle bitte das Formular aus. Wir werden uns dann per e-Mail bei dir melden um alles weitere zu besprechen. Wir stellen euch gerne ein regionales, saisonales Buffet zu&nbsp;<a class=\"read-more\" href=\"https:\/\/botanica.madame-lulu.com\/?page_id=13\">&hellip;<\/a><\/p>\n","protected":false},"author":1,"featured_media":0,"parent":0,"menu_order":0,"comment_status":"closed","ping_status":"closed","template":"","meta":[],"_links":{"self":[{"href":"https:\/\/botanica.madame-lulu.com\/index.php?rest_route=\/wp\/v2\/pages\/13"}],"collection":[{"href":"https:\/\/botanica.madame-lulu.com\/index.php?rest_route=\/wp\/v2\/pages"}],"about":[{"href":"https:\/\/botanica.madame-lulu.com\/index.php?rest_route=\/wp\/v2\/types\/page"}],"author":[{"embeddable":true,"href":"https:\/\/botanica.madame-lulu.com\/index.php?rest_route=\/wp\/v2\/users\/1"}],"replies":[{"embeddable":true,"href":"https:\/\/botanica.madame-lulu.com\/index.php?rest_route=%2Fwp%2Fv2%2Fcomments&post=13"}],"version-history":[{"count":20,"href":"https:\/\/botanica.madame-lulu.com\/index.php?rest_route=\/wp\/v2\/pages\/13\/revisions"}],"predecessor-version":[{"id":1814,"href":"https:\/\/botanica.madame-lulu.com\/index.php?rest_route=\/wp\/v2\/pages\/13\/revisions\/1814"}],"wp:attachment":[{"href":"https:\/\/botanica.madame-lulu.com\/index.php?rest_route=%2Fwp%2Fv2%2Fmedia&parent=13"}],"curies":[{"name":"wp","href":"https:\/\/api.w.org\/{rel}","templated":true}]}}