{"id":1728,"date":"2026-03-09T22:25:15","date_gmt":"2026-03-09T21:25:15","guid":{"rendered":"https:\/\/botanica.madame-lulu.com\/?page_id=1728"},"modified":"2026-04-09T11:10:54","modified_gmt":"2026-04-09T10:10:54","slug":"kulinarik-studio","status":"publish","type":"page","link":"https:\/\/botanica.madame-lulu.com\/?page_id=1728","title":{"rendered":"Kulinarik Studio"},"content":{"rendered":"\n<h2 class=\"wp-block-heading\">Feinkost \u2022 Kurse \u2022 Catering &amp; Events<\/h2>\n\n\n\n<hr class=\"wp-block-separator has-alpha-channel-opacity\"\/>\n\n\n\n<h2 class=\"wp-block-heading\">Mittwoch bis Freitag 12:00 bis 18:00 <\/h2>\n\n\n\n<h2 class=\"wp-block-heading\">Samstag 12:00 bis 16:00 <\/h2>\n\n\n\n<h3 class=\"wp-block-heading\">Zu besonderen Veranstaltungen \/ Kursen kann der Laden jederzeit ge\u00f6ffnet werden, dazu schreibt uns eine Mail. <\/h3>\n\n\n\n<p><\/p>\n\n\n<div class=\"simcal-calendar simcal-default-calendar simcal-default-calendar-list simcal-default-calendar-light\" data-calendar-id=\"1738\" data-timezone=\"Europe\/Paris\" data-offset=\"7200\" data-week-start=\"1\" data-calendar-start=\"1776981600\" data-calendar-end=\"1788040741\" data-events-first=\"1782856859\" data-events-last=\"1788040741\"><div class=\"simcal-calendar-list simcal-calendar-list-compact\"><div class=\"simcal-events-list-container\" data-prev=\"1782856859\" data-next=\"1787608858\" data-heading-small=\"Juli - Aug. 2026\" data-heading-large=\"Juli - August, 2026\"><div class=\"simcal-weekday-3 simcal-past simcal-day simcal-day-has-events simcal-day-has-1-events simcal-events-calendar-1738\" data-events-count=\"1\">\n\t<ul class=\"simcal-events\">\n\t<li class=\"simcal-event simcal-events-calendar-1738\" style=\"\" itemscope itemtype=\"http:\/\/schema.org\/Event\" data-start=\"1782856859\">\n\t\t<div class=\"simcal-event-details\"><h3><span class=\"simcal-event-start simcal-event-start-date\" data-event-start=\"1782856859\" data-event-format=\"D j. F Y\" itemprop=\"startDate\" content=\"2026-07-01T00:00:59+02:00\">Mi. 1. Juli 2026<\/span> - <span class=\"simcal-event-start simcal-event-end-date\" data-event-start=\"1783029541\" data-event-format=\"D j. F Y\" itemprop=\"endDate\" content=\"2026-07-02T23:59:01+02:00\">Do. 2. Juli 2026<\/span>&nbsp;&nbsp;<\/h3>\n<h3><span class=\"simcal-event-title\" itemprop=\"name\">wegen einer Veranstaltung geschlossen<\/span><\/h3><\/div>\n\t<\/li>\n<\/ul>\n\n<\/div>\n<div class=\"simcal-weekday-3 simcal-past simcal-day simcal-day-has-events simcal-day-has-1-events simcal-events-calendar-1738\" data-events-count=\"1\">\n\t<ul class=\"simcal-events\">\n\t<li class=\"simcal-event simcal-events-calendar-1738\" style=\"\" itemscope itemtype=\"http:\/\/schema.org\/Event\" data-start=\"1786485659\">\n\t\t<div class=\"simcal-event-details\"><h3><span class=\"simcal-event-start simcal-event-start-date\" data-event-start=\"1786485659\" data-event-format=\"D j. F Y\" itemprop=\"startDate\" content=\"2026-08-12T00:00:59+02:00\">Mi. 12. August 2026<\/span> - <span class=\"simcal-event-start simcal-event-end-date\" data-event-start=\"1788040741\" data-event-format=\"D j. F Y\" itemprop=\"endDate\" content=\"2026-08-29T23:59:01+02:00\">Sa. 29. August 2026<\/span>&nbsp;&nbsp;<\/h3>\n<h3><span class=\"simcal-event-title\" itemprop=\"name\">geschlossen, wegen mehrerer Veranstaltungen<\/span><\/h3><\/div>\n\t<\/li>\n<\/ul>\n\n<\/div>\n<\/div><div class=\"simcal-ajax-loader simcal-spinner-top\" style=\"display: none;\"><i class=\"simcal-icon-spinner simcal-icon-spin\"><\/i><\/div><\/div><\/div>\n\n\n\n<hr class=\"wp-block-separator has-alpha-channel-opacity\"\/>\n\n\n\n<div class=\"wp-block-buttons is-layout-flex wp-block-buttons-is-layout-flex\">\n<div class=\"wp-block-button has-custom-font-size is-style-outline has-medium-font-size is-style-outline--1\"><a class=\"wp-block-button__link wp-element-button\" href=\"https:\/\/services.gastronovi.com\/restaurants\/64275\/reservierung\/widget?entry=pickup#1\" target=\"_blank\" rel=\"noreferrer noopener\">Speisen zur Abholung online vorbestellen<\/a><\/div>\n<\/div>\n\n\n\n<hr class=\"wp-block-separator has-alpha-channel-opacity\"\/>\n\n\n\n<p>Wenn du ein <strong>Catering<\/strong> von uns w\u00fcnschst, oder das Botanica oder Salomon f\u00fcr eine Veranstaltung mieten m\u00f6chtest,&nbsp; f\u00fclle bitte das Formular aus. Wir werden uns dann per e-Mail bei dir melden um alles weitere zu besprechen.<\/p>\n\n\n\n<div class=\"wp-block-contact-form-7-contact-form-selector\">\n<div class=\"wpcf7 no-js\" id=\"wpcf7-f1092-o1\" lang=\"de-DE\" dir=\"ltr\" data-wpcf7-id=\"1092\">\n<div class=\"screen-reader-response\"><p role=\"status\" aria-live=\"polite\" aria-atomic=\"true\"><\/p> <ul><\/ul><\/div>\n<form action=\"\/index.php?rest_route=%2Fwp%2Fv2%2Fpages%2F1728#wpcf7-f1092-o1\" method=\"post\" class=\"wpcf7-form init\" aria-label=\"Kontaktformular\" novalidate=\"novalidate\" data-status=\"init\">\n<fieldset class=\"hidden-fields-container\"><input type=\"hidden\" name=\"_wpcf7\" value=\"1092\" \/><input type=\"hidden\" name=\"_wpcf7_version\" value=\"6.1.5\" \/><input type=\"hidden\" name=\"_wpcf7_locale\" value=\"de_DE\" \/><input type=\"hidden\" name=\"_wpcf7_unit_tag\" value=\"wpcf7-f1092-o1\" \/><input type=\"hidden\" name=\"_wpcf7_container_post\" value=\"0\" \/><input type=\"hidden\" name=\"_wpcf7_posted_data_hash\" value=\"\" \/>\n<\/fieldset>\n<p><label> Dein Name (Pflichtfeld)<br \/>\n<span class=\"wpcf7-form-control-wrap\" data-name=\"your-name\"><input size=\"40\" maxlength=\"400\" class=\"wpcf7-form-control wpcf7-text wpcf7-validates-as-required\" aria-required=\"true\" aria-invalid=\"false\" value=\"\" type=\"text\" name=\"your-name\" \/><\/span> <\/label>\n<\/p>\n<p><label> E-Mail-Adresse (Pflichtfeld)<br \/>\n<span class=\"wpcf7-form-control-wrap\" data-name=\"your-email\"><input size=\"40\" maxlength=\"400\" class=\"wpcf7-form-control wpcf7-email wpcf7-validates-as-required wpcf7-text wpcf7-validates-as-email\" aria-required=\"true\" aria-invalid=\"false\" value=\"\" type=\"email\" name=\"your-email\" \/><\/span> <\/label>\n<\/p>\n<p><label> Telefonnummer<br \/>\n<span class=\"wpcf7-form-control-wrap\" data-name=\"tel-nummer\"><input size=\"40\" maxlength=\"400\" class=\"wpcf7-form-control wpcf7-text\" aria-invalid=\"false\" value=\"\" type=\"text\" name=\"tel-nummer\" \/><\/span> <\/label>\n<\/p>\n<p><label> Ort der Veranstaltung<br \/>\n<span class=\"wpcf7-form-control-wrap\" data-name=\"Ort\"><input size=\"40\" maxlength=\"400\" class=\"wpcf7-form-control wpcf7-text\" aria-invalid=\"false\" value=\"\" type=\"text\" name=\"Ort\" \/><\/span> <\/label>\n<\/p>\n<p><label> Art der Veranstaltung<br \/>\n<span class=\"wpcf7-form-control-wrap\" data-name=\"Art\"><input size=\"40\" maxlength=\"400\" class=\"wpcf7-form-control wpcf7-text\" aria-invalid=\"false\" value=\"\" type=\"text\" name=\"Art\" \/><\/span> <\/label>\n<\/p>\n<p><label> Personenanzahl<br \/>\n<span class=\"wpcf7-form-control-wrap\" data-name=\"Personenanzahl\"><input class=\"wpcf7-form-control wpcf7-number wpcf7-validates-as-number\" aria-invalid=\"false\" value=\"\" type=\"number\" name=\"Personenanzahl\" \/><\/span> <\/label>\n<\/p>\n<p><label> Datum<br \/>\n<span class=\"wpcf7-form-control-wrap\" data-name=\"Datum\"><input class=\"wpcf7-form-control wpcf7-date wpcf7-validates-as-date\" aria-invalid=\"false\" value=\"\" type=\"date\" name=\"Datum\" \/><\/span> <\/label>\n<\/p>\n<p><label> Nachricht<br \/>\n<span class=\"wpcf7-form-control-wrap\" data-name=\"your-message\"><textarea cols=\"40\" rows=\"10\" maxlength=\"2000\" class=\"wpcf7-form-control wpcf7-textarea\" aria-invalid=\"false\" name=\"your-message\"><\/textarea><\/span> <\/label>\n<\/p>\n<p><span class=\"wpcf7-form-control-wrap\" data-name=\"checkbox-54\"><span class=\"wpcf7-form-control wpcf7-checkbox wpcf7-validates-as-required\"><span class=\"wpcf7-list-item first last\"><input type=\"checkbox\" name=\"checkbox-54[]\" value=\"Ich stimme der Datenschutzerkl\u00e4rung zu\" \/><span class=\"wpcf7-list-item-label\">Ich stimme der Datenschutzerkl\u00e4rung zu<\/span><\/span><\/span><\/span>\n<\/p>\n<p><span class=\"wpcf7-form-control-wrap\" data-name=\"quiz-382\"><label><span class=\"wpcf7-quiz-label\">Die Hauptstadt von Deutschland?<\/span> <input size=\"40\" class=\"wpcf7-form-control wpcf7-quiz\" autocomplete=\"off\" aria-required=\"true\" aria-invalid=\"false\" type=\"text\" name=\"quiz-382\" \/><\/label><input type=\"hidden\" name=\"_wpcf7_quiz_answer_quiz-382\" value=\"719652e9853b86f6620f51bce84cfe7e\" \/><\/span>\n<\/p>\n<p><input class=\"wpcf7-form-control wpcf7-submit has-spinner\" type=\"submit\" value=\"Senden\" \/>\n<\/p><div class=\"wpcf7-response-output\" aria-hidden=\"true\"><\/div>\n<\/form>\n<\/div>\n<\/div>\n\n\n\n<hr class=\"wp-block-separator has-alpha-channel-opacity\"\/>\n\n\n\n<div class=\"wp-block-buttons is-layout-flex wp-block-buttons-is-layout-flex\">\n<div class=\"wp-block-button has-custom-font-size is-style-outline has-medium-font-size is-style-outline--2\"><a class=\"wp-block-button__link wp-element-button\" href=\"tel:+49391\/58235400\">telefonisch vorbestellen 0391\/58235400<\/a><\/div>\n<\/div>\n\n\n\n<p><\/p>\n\n\n\n<div class=\"wp-block-buttons is-layout-flex wp-block-buttons-is-layout-flex\">\n<div class=\"wp-block-button has-custom-font-size is-style-outline has-medium-font-size is-style-outline--3\"><a class=\"wp-block-button__link wp-element-button\" href=\"https:\/\/office.gastronovi.de\/files\/download\/menu-de-64275-botanica-und-salomon-9933151-suesses-salomon-preview-pdf?open=1\" target=\"_blank\" rel=\"noreferrer noopener\">S\u00fc\u00dfes<\/a><\/div>\n\n\n\n<div class=\"wp-block-button has-custom-font-size is-style-outline has-medium-font-size is-style-outline--4\"><a class=\"wp-block-button__link wp-element-button\" href=\"https:\/\/office.gastronovi.de\/files\/download\/menu-de-64275-botanica-und-salomon-8819976-speisen-salomon-preview-pdf?open=1\" target=\"_blank\" rel=\"noreferrer noopener\">Speisen<\/a><\/div>\n<\/div>\n","protected":false},"excerpt":{"rendered":"<p>Feinkost \u2022 Kurse \u2022 Catering &amp; Events Mittwoch bis Freitag 12:00 bis 18:00 Samstag 12:00 bis 16:00 Zu besonderen Veranstaltungen \/ Kursen kann der Laden jederzeit ge\u00f6ffnet werden, dazu schreibt uns eine Mail. Wenn du ein Catering von uns w\u00fcnschst, oder das Botanica oder Salomon&nbsp;<a class=\"read-more\" href=\"https:\/\/botanica.madame-lulu.com\/?page_id=1728\">&hellip;<\/a><\/p>\n","protected":false},"author":1,"featured_media":0,"parent":0,"menu_order":0,"comment_status":"closed","ping_status":"closed","template":"","meta":{"footnotes":""},"class_list":["post-1728","page","type-page","status-publish","hentry"],"_links":{"self":[{"href":"https:\/\/botanica.madame-lulu.com\/index.php?rest_route=\/wp\/v2\/pages\/1728","targetHints":{"allow":["GET"]}}],"collection":[{"href":"https:\/\/botanica.madame-lulu.com\/index.php?rest_route=\/wp\/v2\/pages"}],"about":[{"href":"https:\/\/botanica.madame-lulu.com\/index.php?rest_route=\/wp\/v2\/types\/page"}],"author":[{"embeddable":true,"href":"https:\/\/botanica.madame-lulu.com\/index.php?rest_route=\/wp\/v2\/users\/1"}],"replies":[{"embeddable":true,"href":"https:\/\/botanica.madame-lulu.com\/index.php?rest_route=%2Fwp%2Fv2%2Fcomments&post=1728"}],"version-history":[{"count":13,"href":"https:\/\/botanica.madame-lulu.com\/index.php?rest_route=\/wp\/v2\/pages\/1728\/revisions"}],"predecessor-version":[{"id":1827,"href":"https:\/\/botanica.madame-lulu.com\/index.php?rest_route=\/wp\/v2\/pages\/1728\/revisions\/1827"}],"wp:attachment":[{"href":"https:\/\/botanica.madame-lulu.com\/index.php?rest_route=%2Fwp%2Fv2%2Fmedia&parent=1728"}],"curies":[{"name":"wp","href":"https:\/\/api.w.org\/{rel}","templated":true}]}}