{"id":1742,"date":"2026-03-09T19:44:33","date_gmt":"2026-03-09T18:44:33","guid":{"rendered":"https:\/\/botanica.madame-lulu.com\/?page_id=1742"},"modified":"2026-03-09T22:06:58","modified_gmt":"2026-03-09T21:06:58","slug":"kurse-events","status":"publish","type":"page","link":"https:\/\/botanica.madame-lulu.com\/?page_id=1742","title":{"rendered":"Kurse &#038; Events"},"content":{"rendered":"\n<script src=\"https:\/\/embed.eventfrog.de\/js\/relaunch\/embed\/embed.js\"><\/script>\n\n      <iframe loading=\"lazy\" width=\"100%\" height=\"100%\" style=\"border: none;\" src=\"https:\/\/embed.eventfrog.de\/de\/events.html?key=8c81e839-0142-4eb3-89de-d67b6259cb49&amp;color=2D4329&amp;showSearch=false&amp;excludeOrgs=false&amp;orgId=3472390&amp;geoRadius=100\"><\/iframe>\n\n\n\n<p>Sollte aktuell nichts passendes f\u00fcr dich dabei sein, schau einfach sp\u00e4ter nochmal hier vorbei. Au\u00dferdem k\u00f6nnen wir mit dir f\u00fcr folgende Kurse individuell einen Termin vereinbaren:<\/p>\n\n\n\n<ul class=\"wp-block-list\">\n<li>Kochkurs mit Thema deiner Wahl (4 bis 6 Personen)<\/li>\n\n\n\n<li>fermentieren und einlegen Schwerpunkt Lacto-Fermentation (6 bis 10 Personen)<\/li>\n\n\n\n<li>Fermentationskurs Getr\u00e4nke (6 bis 10 Personen)<\/li>\n\n\n\n<li>Sauerteigbrot-Kurs (4 bis 5 Personen)<\/li>\n\n\n\n<li>Exklusiver Dinner-Abend im Kulinarik Studio (10 bis 12 Personen)<\/li>\n<\/ul>\n\n\n\n<p>Bei Interesse schreibe uns eine Mail an <a rel=\"noreferrer noopener\" href=\"mailto:fragmadamelulu@gmail.com?subject=Anfrage%20f%C3%BCr%20...&amp;body=Hallo%2C%0AMein%20Name%20ist%20....%0AWir%20sind%20eine%20Gruppe%20von%20....%20Personen.%0AWir%20h%C3%A4tten%20Interesse%20an%20....%0AFolgende%20Termine%20w%C3%BCrden%20f%C3%BCr%20uns%20passen%3A%20...%0A\" target=\"_blank\">fragmadamelulu@gmail.com<\/a> <\/p>\n","protected":false},"excerpt":{"rendered":"<p>Sollte aktuell nichts passendes f\u00fcr dich dabei sein, schau einfach sp\u00e4ter nochmal hier vorbei. Au\u00dferdem k\u00f6nnen wir mit dir f\u00fcr folgende Kurse individuell einen Termin vereinbaren: Bei Interesse schreibe uns eine Mail an fragmadamelulu@gmail.com<\/p>\n","protected":false},"author":1,"featured_media":0,"parent":0,"menu_order":0,"comment_status":"closed","ping_status":"closed","template":"","meta":{"footnotes":""},"class_list":["post-1742","page","type-page","status-publish","hentry"],"_links":{"self":[{"href":"https:\/\/botanica.madame-lulu.com\/index.php?rest_route=\/wp\/v2\/pages\/1742","targetHints":{"allow":["GET"]}}],"collection":[{"href":"https:\/\/botanica.madame-lulu.com\/index.php?rest_route=\/wp\/v2\/pages"}],"about":[{"href":"https:\/\/botanica.madame-lulu.com\/index.php?rest_route=\/wp\/v2\/types\/page"}],"author":[{"embeddable":true,"href":"https:\/\/botanica.madame-lulu.com\/index.php?rest_route=\/wp\/v2\/users\/1"}],"replies":[{"embeddable":true,"href":"https:\/\/botanica.madame-lulu.com\/index.php?rest_route=%2Fwp%2Fv2%2Fcomments&post=1742"}],"version-history":[{"count":8,"href":"https:\/\/botanica.madame-lulu.com\/index.php?rest_route=\/wp\/v2\/pages\/1742\/revisions"}],"predecessor-version":[{"id":1773,"href":"https:\/\/botanica.madame-lulu.com\/index.php?rest_route=\/wp\/v2\/pages\/1742\/revisions\/1773"}],"wp:attachment":[{"href":"https:\/\/botanica.madame-lulu.com\/index.php?rest_route=%2Fwp%2Fv2%2Fmedia&parent=1742"}],"curies":[{"name":"wp","href":"https:\/\/api.w.org\/{rel}","templated":true}]}}